{"id":689,"date":"2022-07-28T20:30:30","date_gmt":"2022-07-28T23:30:30","guid":{"rendered":"https:\/\/www.oppens.com.br\/?page_id=689"},"modified":"2022-07-28T20:45:16","modified_gmt":"2022-07-28T23:45:16","slug":"politica-de-privacidade","status":"publish","type":"page","link":"https:\/\/oppens.com.br\/blog\/politica-de-privacidade\/","title":{"rendered":"Pol\u00edtica de privacidade"},"content":{"rendered":"\t\t<div data-elementor-type=\"wp-page\" data-elementor-id=\"689\" class=\"elementor elementor-689\">\n\t\t\t\t\t\t<section class=\"elementor-section elementor-top-section elementor-element elementor-element-59d17fd elementor-section-boxed elementor-section-height-default elementor-section-height-default\" data-id=\"59d17fd\" data-element_type=\"section\" data-e-type=\"section\">\n\t\t\t\t\t\t<div class=\"elementor-container elementor-column-gap-default\">\n\t\t\t\t\t<div class=\"elementor-column elementor-col-100 elementor-top-column elementor-element elementor-element-dbc014b\" data-id=\"dbc014b\" data-element_type=\"column\" data-e-type=\"column\">\n\t\t\t<div class=\"elementor-widget-wrap elementor-element-populated\">\n\t\t\t\t\t\t<div class=\"elementor-element elementor-element-16e0272 elementor-widget elementor-widget-text-editor\" data-id=\"16e0272\" data-element_type=\"widget\" data-e-type=\"widget\" data-widget_type=\"text-editor.default\">\n\t\t\t\t<div class=\"elementor-widget-container\">\n\t\t\t\t\t\t\t\t\t<h3>Pol\u00edtica de Privacidade<\/h3>\n<p>A Oppens Sociedade de Empr\u00e9stimo entre Pessoas S.A. \u00e9 uma sociedade an\u00f4nima de capital fechado.<\/p>\n<p>Nosso prop\u00f3sito \u00e9 prestar servi\u00e7os empr\u00e9stimos e investimentos por meio de nossa plataforma digital que aproxima pessoas (f\u00edsicas ou jur\u00eddicas) que querem realizar um empr\u00e9stimo (tomadores de cr\u00e9dito) de pessoas que querem emprestar (investidores). Para a Oppens a prote\u00e7\u00e3o de dados pessoais e a privacidade s\u00e3o um compromisso.<\/p>\n<p>Essa pol\u00edtica de privacidade abrange clientes, colaboradores, usu\u00e1rios, acionistas ou pessoas que se relacionam com a Oppens.<\/p>\n<p>Na Oppens tomamos os devidos cuidados com a prote\u00e7\u00e3o de dados pessoais, com sigilo e adequada utiliza\u00e7\u00e3o de dados das pessoas.<\/p>\n<p>A Oppens adota os melhores padr\u00f5es, t\u00e9cnicas e ferramentas de seguran\u00e7a para garantir a integridade e a confidencialidade dos dados coletados, adotando mecanismos de prote\u00e7\u00e3o contra uso indevido, tentativas de acesso n\u00e3o autorizados, fraudes, danos, sabotagens e roubos.<\/p>\n<p>Entendemos que \u00e9 importante que todos as pessoas abrangidas por essa pol\u00edtica considerem os seguintes cuidados para garantir o sigilo e prote\u00e7\u00e3o de seus dados pessoais:<\/p>\n<ul>\n<li>utilize apenas os canais oficiais disponibilizados pela Oppens;<\/li>\n<li>atente-se para a origem das mensagens, n\u00e3o acessando o site da Oppens por meio de links recebidos por e-mail, SMS, WhatsApp, Telegram e outros de fontes que n\u00e3o seja a pr\u00f3pria Oppens;<\/li>\n<li>mantenha sempre o navegador e o antiv\u00edrus atualizados;<\/li>\n<li>atualize seus dados pessoais, sempre que houver alguma altera\u00e7\u00e3o, pelos diversos canais dispon\u00edveis;<\/li>\n<li>esteja sempre atento \u00e0s informa\u00e7\u00f5es constantes nesta pol\u00edtica de privacidade e se for cliente, tamb\u00e9m leia os contratos firmados conosco;<\/li>\n<li>adote as demais medidas de seguran\u00e7a sugeridas pela Oppens.<\/li>\n<\/ul>\n<p>Temos como princ\u00edpio a clareza e transpar\u00eancia nas transa\u00e7\u00f5es e quando realizamos qualquer transa\u00e7\u00e3o ou contato, os dados fornecidos ocorrem quando:<\/p>\n<ul>\n<li>h\u00e1 contato com nossos canais de atendimento (aplicativo mobile, chat digital, WhatsApp, site, telefone, etc);<\/li>\n<li>se utiliza ou contrata algum de nossos produtos ou servi\u00e7os;<\/li>\n<li>a Oppens entra em contato com voc\u00ea.<\/li>\n<\/ul>\n<p>N\u00f3s coletamos os seus dados quando:<\/p>\n<ul>\n<li>voc\u00ea instala nossos aplicativos mobile, solicitamos autoriza\u00e7\u00e3o para coletar informa\u00e7\u00f5es necess\u00e1rias para lhe proporcionar comodidade e garantir sua seguran\u00e7a no uso dos aplicativos;<\/li>\n<li>voc\u00ea navega no nosso site na internet ou utiliza nossos aplicativos;<\/li>\n<li>um cliente realiza alguma transa\u00e7\u00e3o banc\u00e1ria envolvendo voc\u00ea, como transfer\u00eancia entre contas ou emiss\u00e3o de boletos banc\u00e1rios;<\/li>\n<li>consultamos fontes externas, inclusive de dados p\u00fablicos, como de Bureaus de Cr\u00e9dito, Cart\u00f3rios, informa\u00e7\u00f5es divulgadas no \u00e2mbito da Lei de Acesso \u00e0 Informa\u00e7\u00e3o e outras fontes para fins de valida\u00e7\u00e3o de dados e enriquecimento das nossas bases.<\/li>\n<\/ul>\n<p>Na Oppens n\u00f3s utilizamos dados pessoais apenas para fins leg\u00edtimos, l\u00edcitos e relacionados com as atividades de sociedade de empr\u00e9stimo entre pessoas, sempre observando as legisla\u00e7\u00f5es vigentes e boas pr\u00e1ticas de mercado. Dessa forma, buscamos:<\/p>\n<ul>\n<li>oferecer produtos e servi\u00e7os adequados ao seu perfil de consumo por canais pr\u00f3prios ou externos;<\/li>\n<li>melhorar sua satisfa\u00e7\u00e3o conosco;<\/li>\n<li>proporcionar uma melhor experi\u00eancia com a Oppens;<\/li>\n<li>cumprir com as exig\u00eancias legais (como: leis, regulamenta\u00e7\u00f5es e resolu\u00e7\u00f5es);<\/li>\n<li>atender as suas necessidades e expectativas como cliente, parceiro, colaborador, acionista ou usu\u00e1rio dos nossos produtos e servi\u00e7os;<\/li>\n<li>valorizar o tratamento justo, digno, cort\u00eas e equitativo, assegurando o sigilo das informa\u00e7\u00f5es.<\/li>\n<\/ul>\n<p>A Oppens utiliza sua biometria e a fotografia do seu rosto nos nossos processos de identifica\u00e7\u00e3o e autentica\u00e7\u00e3o para garantir a preven\u00e7\u00e3o \u00e0 fraude e a sua seguran\u00e7a na utiliza\u00e7\u00e3o dos nossos canais.<\/p>\n<p>Na Oppens o tratamento de dados pessoais de menores de 18 anos somente ocorrer\u00e1 em decorr\u00eancia da solicita\u00e7\u00e3o feita ao seu representante legal.<\/p>\n<p>Cuidamos para que ossos processos seja constantemente revisados e adequados para utilizarmos apenas as informa\u00e7\u00f5es necess\u00e1rias.<\/p>\n<p>N\u00e3o autorizamos e repudiamos o tratamento de dados para fins discriminat\u00f3rios il\u00edcitos ou abusivos.<\/p>\n<p>Temos como pr\u00e1tica a realiza\u00e7\u00e3o e atividades de treinamento e concientiza\u00e7\u00e3o de nossos colaboradores para o sigilo, a privacidade e a prote\u00e7\u00e3o dos dados.<\/p>\n<p>Realizamos o acompanhamento e monitoramento do uso de dados pessoais em nossos processsos.<\/p>\n<p>Elaboramos e mantemos atualizados nossos planos de resposta a incidentes e de continuidade dos neg\u00f3cios.<\/p>\n<p>Adotamos processos e pol\u00edticas internas que asseguram o cumprimento de normas e boas pr\u00e1ticas relativas \u00e0 prote\u00e7\u00e3o de dados pessoais.<\/p>\n<p>Podemos compartilhar seus dados pessoais com \u00f3rg\u00e3os reguladores, \u00f3rg\u00e3os fiscalizadores, outras autoridades e \u00f3rg\u00e3os oficiais ou empresas de auditoria, com o prop\u00f3sito de cumprir a legisla\u00e7\u00e3o vigente ou atender demandas legais.<\/p>\n<p>Em caso de d\u00favidas entre em contato conosco.<\/p>\t\t\t\t\t\t\t\t<\/div>\n\t\t\t\t<\/div>\n\t\t\t\t\t<\/div>\n\t\t<\/div>\n\t\t\t\t\t<\/div>\n\t\t<\/section>\n\t\t\t\t<\/div>\n\t\t","protected":false},"excerpt":{"rendered":"<p>Pol\u00edtica de Privacidade A Oppens Sociedade de Empr\u00e9stimo entre Pessoas S.A. \u00e9 uma sociedade an\u00f4nima de capital fechado. Nosso prop\u00f3sito [&hellip;]<\/p>\n","protected":false},"author":1,"featured_media":0,"parent":0,"menu_order":0,"comment_status":"closed","ping_status":"closed","template":"","meta":{"site-sidebar-layout":"no-sidebar","site-content-layout":"page-builder","ast-site-content-layout":"default","site-content-style":"default","site-sidebar-style":"default","ast-global-header-display":"","ast-banner-title-visibility":"","ast-main-header-display":"","ast-hfb-above-header-display":"","ast-hfb-below-header-display":"","ast-hfb-mobile-header-display":"","site-post-title":"disabled","ast-breadcrumbs-content":"","ast-featured-img":"disabled","footer-sml-layout":"","ast-disable-related-posts":"","theme-transparent-header-meta":"","adv-header-id-meta":"","stick-header-meta":"","header-above-stick-meta":"","header-main-stick-meta":"","header-below-stick-meta":"","astra-migrate-meta-layouts":"default","ast-page-background-enabled":"default","ast-page-background-meta":{"desktop":{"background-color":"var(--ast-global-color-5)","background-image":"","background-repeat":"repeat","background-position":"center center","background-size":"auto","background-attachment":"scroll","background-type":"","background-media":"","overlay-type":"","overlay-color":"","overlay-opacity":"","overlay-gradient":""},"tablet":{"background-color":"","background-image":"","background-repeat":"repeat","background-position":"center center","background-size":"auto","background-attachment":"scroll","background-type":"","background-media":"","overlay-type":"","overlay-color":"","overlay-opacity":"","overlay-gradient":""},"mobile":{"background-color":"","background-image":"","background-repeat":"repeat","background-position":"center center","background-size":"auto","background-attachment":"scroll","background-type":"","background-media":"","overlay-type":"","overlay-color":"","overlay-opacity":"","overlay-gradient":""}},"ast-content-background-meta":{"desktop":{"background-color":"var(--ast-global-color-4)","background-image":"","background-repeat":"repeat","background-position":"center center","background-size":"auto","background-attachment":"scroll","background-type":"","background-media":"","overlay-type":"","overlay-color":"","overlay-opacity":"","overlay-gradient":""},"tablet":{"background-color":"var(--ast-global-color-4)","background-image":"","background-repeat":"repeat","background-position":"center center","background-size":"auto","background-attachment":"scroll","background-type":"","background-media":"","overlay-type":"","overlay-color":"","overlay-opacity":"","overlay-gradient":""},"mobile":{"background-color":"var(--ast-global-color-4)","background-image":"","background-repeat":"repeat","background-position":"center center","background-size":"auto","background-attachment":"scroll","background-type":"","background-media":"","overlay-type":"","overlay-color":"","overlay-opacity":"","overlay-gradient":""}},"footnotes":""},"class_list":["post-689","page","type-page","status-publish","hentry"],"yoast_head":"<!-- This site is optimized with the Yoast SEO plugin v27.5 - https:\/\/yoast.com\/product\/yoast-seo-wordpress\/ -->\n<title>Pol\u00edtica de privacidade - Oppens<\/title>\n<meta name=\"robots\" content=\"index, follow, max-snippet:-1, max-image-preview:large, max-video-preview:-1\" \/>\n<link rel=\"canonical\" href=\"https:\/\/oppens.com.br\/blog\/politica-de-privacidade\/\" \/>\n<meta property=\"og:locale\" content=\"pt_BR\" \/>\n<meta property=\"og:type\" content=\"article\" \/>\n<meta property=\"og:title\" content=\"Pol\u00edtica de privacidade - Oppens\" \/>\n<meta property=\"og:description\" content=\"Pol\u00edtica de Privacidade A Oppens Sociedade de Empr\u00e9stimo entre Pessoas S.A. \u00e9 uma sociedade an\u00f4nima de capital fechado. Nosso prop\u00f3sito [&hellip;]\" \/>\n<meta property=\"og:url\" content=\"https:\/\/oppens.com.br\/blog\/politica-de-privacidade\/\" \/>\n<meta property=\"og:site_name\" content=\"Oppens\" \/>\n<meta property=\"article:publisher\" content=\"https:\/\/www.facebook.com\/people\/Oppensoficial\/61558022886830\/?mibextid=LQQJ4d\" \/>\n<meta property=\"article:modified_time\" content=\"2022-07-28T23:45:16+00:00\" \/>\n<meta name=\"twitter:card\" content=\"summary_large_image\" \/>\n<meta name=\"twitter:label1\" content=\"Est. tempo de leitura\" \/>\n\t<meta name=\"twitter:data1\" content=\"4 minutos\" \/>\n<script type=\"application\/ld+json\" class=\"yoast-schema-graph\">{\"@context\":\"https:\\\/\\\/schema.org\",\"@graph\":[{\"@type\":\"WebPage\",\"@id\":\"https:\\\/\\\/oppens.com.br\\\/blog\\\/politica-de-privacidade\\\/\",\"url\":\"https:\\\/\\\/oppens.com.br\\\/blog\\\/politica-de-privacidade\\\/\",\"name\":\"Pol\u00edtica de privacidade - Oppens\",\"isPartOf\":{\"@id\":\"https:\\\/\\\/oppens.com.br\\\/blog\\\/#website\"},\"datePublished\":\"2022-07-28T23:30:30+00:00\",\"dateModified\":\"2022-07-28T23:45:16+00:00\",\"breadcrumb\":{\"@id\":\"https:\\\/\\\/oppens.com.br\\\/blog\\\/politica-de-privacidade\\\/#breadcrumb\"},\"inLanguage\":\"pt-BR\",\"potentialAction\":[{\"@type\":\"ReadAction\",\"target\":[\"https:\\\/\\\/oppens.com.br\\\/blog\\\/politica-de-privacidade\\\/\"]}]},{\"@type\":\"BreadcrumbList\",\"@id\":\"https:\\\/\\\/oppens.com.br\\\/blog\\\/politica-de-privacidade\\\/#breadcrumb\",\"itemListElement\":[{\"@type\":\"ListItem\",\"position\":1,\"name\":\"In\u00edcio\",\"item\":\"https:\\\/\\\/oppens.com.br\\\/blog\\\/\"},{\"@type\":\"ListItem\",\"position\":2,\"name\":\"Pol\u00edtica de privacidade\"}]},{\"@type\":\"WebSite\",\"@id\":\"https:\\\/\\\/oppens.com.br\\\/blog\\\/#website\",\"url\":\"https:\\\/\\\/oppens.com.br\\\/blog\\\/\",\"name\":\"Oppens\",\"description\":\"Educa\u00e7\u00e3o financeira sobre cr\u00e9dito, empr\u00e9stimos e financiamentos\",\"publisher\":{\"@id\":\"https:\\\/\\\/oppens.com.br\\\/blog\\\/#organization\"},\"potentialAction\":[{\"@type\":\"SearchAction\",\"target\":{\"@type\":\"EntryPoint\",\"urlTemplate\":\"https:\\\/\\\/oppens.com.br\\\/blog\\\/?s={search_term_string}\"},\"query-input\":{\"@type\":\"PropertyValueSpecification\",\"valueRequired\":true,\"valueName\":\"search_term_string\"}}],\"inLanguage\":\"pt-BR\"},{\"@type\":\"Organization\",\"@id\":\"https:\\\/\\\/oppens.com.br\\\/blog\\\/#organization\",\"name\":\"Oppens\",\"url\":\"https:\\\/\\\/oppens.com.br\\\/blog\\\/\",\"logo\":{\"@type\":\"ImageObject\",\"inLanguage\":\"pt-BR\",\"@id\":\"https:\\\/\\\/oppens.com.br\\\/blog\\\/#\\\/schema\\\/logo\\\/image\\\/\",\"url\":\"https:\\\/\\\/oppens.com.br\\\/blog\\\/wp-content\\\/uploads\\\/2024\\\/08\\\/novo_oppens-marca-horizontal.png\",\"contentUrl\":\"https:\\\/\\\/oppens.com.br\\\/blog\\\/wp-content\\\/uploads\\\/2024\\\/08\\\/novo_oppens-marca-horizontal.png\",\"width\":933,\"height\":243,\"caption\":\"Oppens\"},\"image\":{\"@id\":\"https:\\\/\\\/oppens.com.br\\\/blog\\\/#\\\/schema\\\/logo\\\/image\\\/\"},\"sameAs\":[\"https:\\\/\\\/www.facebook.com\\\/people\\\/Oppensoficial\\\/61558022886830\\\/?mibextid=LQQJ4d\",\"https:\\\/\\\/www.linkedin.com\\\/company\\\/oppensbank\\\/?viewAsMember=true\",\"https:\\\/\\\/www.instagram.com\\\/oppens.oficial\\\/\"]}]}<\/script>\n<!-- \/ Yoast SEO plugin. -->","yoast_head_json":{"title":"Pol\u00edtica de privacidade - Oppens","robots":{"index":"index","follow":"follow","max-snippet":"max-snippet:-1","max-image-preview":"max-image-preview:large","max-video-preview":"max-video-preview:-1"},"canonical":"https:\/\/oppens.com.br\/blog\/politica-de-privacidade\/","og_locale":"pt_BR","og_type":"article","og_title":"Pol\u00edtica de privacidade - Oppens","og_description":"Pol\u00edtica de Privacidade A Oppens Sociedade de Empr\u00e9stimo entre Pessoas S.A. \u00e9 uma sociedade an\u00f4nima de capital fechado. Nosso prop\u00f3sito [&hellip;]","og_url":"https:\/\/oppens.com.br\/blog\/politica-de-privacidade\/","og_site_name":"Oppens","article_publisher":"https:\/\/www.facebook.com\/people\/Oppensoficial\/61558022886830\/?mibextid=LQQJ4d","article_modified_time":"2022-07-28T23:45:16+00:00","twitter_card":"summary_large_image","twitter_misc":{"Est. tempo de leitura":"4 minutos"},"schema":{"@context":"https:\/\/schema.org","@graph":[{"@type":"WebPage","@id":"https:\/\/oppens.com.br\/blog\/politica-de-privacidade\/","url":"https:\/\/oppens.com.br\/blog\/politica-de-privacidade\/","name":"Pol\u00edtica de privacidade - Oppens","isPartOf":{"@id":"https:\/\/oppens.com.br\/blog\/#website"},"datePublished":"2022-07-28T23:30:30+00:00","dateModified":"2022-07-28T23:45:16+00:00","breadcrumb":{"@id":"https:\/\/oppens.com.br\/blog\/politica-de-privacidade\/#breadcrumb"},"inLanguage":"pt-BR","potentialAction":[{"@type":"ReadAction","target":["https:\/\/oppens.com.br\/blog\/politica-de-privacidade\/"]}]},{"@type":"BreadcrumbList","@id":"https:\/\/oppens.com.br\/blog\/politica-de-privacidade\/#breadcrumb","itemListElement":[{"@type":"ListItem","position":1,"name":"In\u00edcio","item":"https:\/\/oppens.com.br\/blog\/"},{"@type":"ListItem","position":2,"name":"Pol\u00edtica de privacidade"}]},{"@type":"WebSite","@id":"https:\/\/oppens.com.br\/blog\/#website","url":"https:\/\/oppens.com.br\/blog\/","name":"Oppens","description":"Educa\u00e7\u00e3o financeira sobre cr\u00e9dito, empr\u00e9stimos e financiamentos","publisher":{"@id":"https:\/\/oppens.com.br\/blog\/#organization"},"potentialAction":[{"@type":"SearchAction","target":{"@type":"EntryPoint","urlTemplate":"https:\/\/oppens.com.br\/blog\/?s={search_term_string}"},"query-input":{"@type":"PropertyValueSpecification","valueRequired":true,"valueName":"search_term_string"}}],"inLanguage":"pt-BR"},{"@type":"Organization","@id":"https:\/\/oppens.com.br\/blog\/#organization","name":"Oppens","url":"https:\/\/oppens.com.br\/blog\/","logo":{"@type":"ImageObject","inLanguage":"pt-BR","@id":"https:\/\/oppens.com.br\/blog\/#\/schema\/logo\/image\/","url":"https:\/\/oppens.com.br\/blog\/wp-content\/uploads\/2024\/08\/novo_oppens-marca-horizontal.png","contentUrl":"https:\/\/oppens.com.br\/blog\/wp-content\/uploads\/2024\/08\/novo_oppens-marca-horizontal.png","width":933,"height":243,"caption":"Oppens"},"image":{"@id":"https:\/\/oppens.com.br\/blog\/#\/schema\/logo\/image\/"},"sameAs":["https:\/\/www.facebook.com\/people\/Oppensoficial\/61558022886830\/?mibextid=LQQJ4d","https:\/\/www.linkedin.com\/company\/oppensbank\/?viewAsMember=true","https:\/\/www.instagram.com\/oppens.oficial\/"]}]}},"_links":{"self":[{"href":"https:\/\/oppens.com.br\/blog\/wp-json\/wp\/v2\/pages\/689","targetHints":{"allow":["GET"]}}],"collection":[{"href":"https:\/\/oppens.com.br\/blog\/wp-json\/wp\/v2\/pages"}],"about":[{"href":"https:\/\/oppens.com.br\/blog\/wp-json\/wp\/v2\/types\/page"}],"author":[{"embeddable":true,"href":"https:\/\/oppens.com.br\/blog\/wp-json\/wp\/v2\/users\/1"}],"replies":[{"embeddable":true,"href":"https:\/\/oppens.com.br\/blog\/wp-json\/wp\/v2\/comments?post=689"}],"version-history":[{"count":0,"href":"https:\/\/oppens.com.br\/blog\/wp-json\/wp\/v2\/pages\/689\/revisions"}],"wp:attachment":[{"href":"https:\/\/oppens.com.br\/blog\/wp-json\/wp\/v2\/media?parent=689"}],"curies":[{"name":"wp","href":"https:\/\/api.w.org\/{rel}","templated":true}]}}