{"id":1707,"date":"2025-11-21T14:45:50","date_gmt":"2025-11-21T17:45:50","guid":{"rendered":"https:\/\/oppens.com.br\/blog\/?page_id=1707"},"modified":"2025-11-21T15:51:18","modified_gmt":"2025-11-21T18:51:18","slug":"politica-de-cookies","status":"publish","type":"page","link":"https:\/\/oppens.com.br\/blog\/politica-de-cookies\/","title":{"rendered":"Pol\u00edtica de cookies"},"content":{"rendered":"<p><!-- Start CookieYes cookie policy --><\/p>\n<style>\n  a.cky-banner-element {<br \/>\n    padding: 8px 30px;<br \/>\n    background: #f8f9fa;<br \/>\n    color: #858a8f;<br \/>\n    border: 1px solid #dee2e6;<br \/>\n    box-sizing: border-box;<br \/>\n    border-radius: 2px;<br \/>\n    cursor: pointer<br \/>\n  }<br \/>\n<\/style>\n<p class=\"cookie-policy-h1\"><span style=\"font-size: 16px;\">Data efetiva: November 21, 2025<\/span><\/p>\n<div class=\"cookie-policy-date-container\">\n<p>\u00daltima atualiza\u00e7\u00e3o: November 21, 2025<\/p>\n<\/div>\n<p>&nbsp;<\/p>\n<h2>O que s\u00e3o cookies?<\/h2>\n<div class=\"cookie-policy-p\">\n<p>Esta Pol\u00edtica de Cookies explica o que s\u00e3o cookies, como os utilizamos, os tipos de cookies que utilizamos (ou seja, as informa\u00e7\u00f5es que coletamos usando cookies e como essas informa\u00e7\u00f5es s\u00e3o utilizadas) e como gerenciar suas configura\u00e7\u00f5es de cookies.<\/p>\n<p>Os cookies s\u00e3o pequenos arquivos de texto usados \u200b\u200bpara armazenar pequenas informa\u00e7\u00f5es. Eles s\u00e3o armazenados no seu dispositivo quando um site \u00e9 carregado no seu navegador. Esses cookies ajudam a garantir que o site funcione corretamente, aprimoram a seguran\u00e7a, proporcionam uma melhor experi\u00eancia ao usu\u00e1rio e analisam o desempenho para identificar o que funciona e onde s\u00e3o necess\u00e1rias melhorias.<\/p>\n<\/div>\n<p>&nbsp;<\/p>\n<h2>Como utilizamos cookies?<\/h2>\n<div class=\"cookie-policy-p\">\n<p>Como a maioria dos servi\u00e7os online, nosso site usa cookies pr\u00f3prios e de terceiros para diversas finalidades. Os cookies pr\u00f3prios s\u00e3o essenciais para o funcionamento adequado do site e n\u00e3o coletam dados de identifica\u00e7\u00e3o pessoal.<\/p>\n<p>Os cookies de terceiros usados \u200b\u200bem nosso site nos ajudam principalmente a entender o desempenho do site, rastrear como voc\u00ea interage com ele, manter nossos servi\u00e7os seguros, exibir an\u00fancios relevantes e aprimorar sua experi\u00eancia geral de usu\u00e1rio, al\u00e9m de melhorar a velocidade de suas intera\u00e7\u00f5es futuras com nosso site.<\/p>\n<\/div>\n<p>&nbsp;<\/p>\n<h2>Tipos de cookies que utilizamos<\/h2>\n<div class=\"cky-audit-table-element\">\n<div>\n<h2 class=\"text-xl font-semibold mb-2\">Necess\u00e1rio<\/h2>\n<div class=\"cky-category-des\">\n<p>Os cookies necess\u00e1rios s\u00e3o essenciais para ativar as funcionalidades b\u00e1sicas deste site, como o login seguro ou o ajuste das suas prefer\u00eancias de consentimento. Esses cookies n\u00e3o armazenam quaisquer dados pessoais que permitam a sua identifica\u00e7\u00e3o.<\/p>\n<\/div>\n<div class=\"cky-table-wrapper\">\n<table class=\"cky-cookie-audit-table\">\n<thead>\n<tr>\n<th>Cookie<\/th>\n<th>Dura\u00e7\u00e3o<\/th>\n<th>Descri\u00e7\u00e3o<\/th>\n<\/tr>\n<\/thead>\n<tbody>\n<tr>\n<td>wpEmojiSettingsSupports<\/td>\n<td>session<\/td>\n<td>O WordPress define esse cookie quando um usu\u00e1rio interage com emojis em um site WordPress. Ele ajuda a determinar se o navegador do usu\u00e1rio consegue exibir emojis corretamente.<\/td>\n<\/tr>\n<tr>\n<td>cookieyes-consent<\/td>\n<td>1 ano<\/td>\n<td>O CookieYes utiliza este cookie para memorizar as prefer\u00eancias de consentimento dos utilizadores, de forma a que estas sejam respeitadas em visitas subsequentes a este site. N\u00e3o recolhe nem armazena qualquer informa\u00e7\u00e3o pessoal sobre os visitantes do site.<\/td>\n<\/tr>\n<\/tbody>\n<\/table>\n<\/div>\n<\/div>\n<div>\n<h2 class=\"text-xl font-semibold mb-2\">An\u00e1lises<\/h2>\n<div class=\"cky-category-des\">\n<p>Os cookies anal\u00edticos s\u00e3o usados \u200b\u200bpara entender como os visitantes interagem com o site. Esses cookies ajudam a fornecer informa\u00e7\u00f5es sobre m\u00e9tricas como o n\u00famero de visitantes, a taxa de rejei\u00e7\u00e3o, a origem do tr\u00e1fego, etc.<\/p>\n<\/div>\n<div class=\"cky-table-wrapper\">\n<table class=\"cky-cookie-audit-table\">\n<thead>\n<tr>\n<th>Cookie<\/th>\n<th>Dura\u00e7\u00e3o<\/th>\n<th>Descri\u00e7\u00e3o<\/th>\n<\/tr>\n<\/thead>\n<tbody>\n<tr>\n<td>_ga_*<\/td>\n<td>1 ano 1 m\u00eas 4 dias<\/td>\n<td>O Google Analytics define esse cookie para armazenar e contabilizar as visualiza\u00e7\u00f5es de p\u00e1gina.<\/td>\n<\/tr>\n<tr>\n<td>_ga<\/td>\n<td>1 ano 1 m\u00eas 4 dias<\/td>\n<td>O Google Analytics utiliza este cookie para calcular dados de visitantes, sess\u00f5es e campanhas, al\u00e9m de monitorar o uso do site para gerar relat\u00f3rios anal\u00edticos. O cookie armazena informa\u00e7\u00f5es de forma an\u00f4nima e atribui um n\u00famero gerado aleatoriamente para identificar visitantes \u00fanicos.<\/td>\n<\/tr>\n<tr>\n<td>pys_session_limit<\/td>\n<td>1 hora<\/td>\n<td>O plugin PixelYourSite define este cookie para gerenciar os servi\u00e7os anal\u00edticos.<\/td>\n<\/tr>\n<tr>\n<td>pys_start_session<\/td>\n<td>sess\u00e3o<\/td>\n<td>O plugin PixelYourSite define este cookie para gerenciar os servi\u00e7os anal\u00edticos.<\/td>\n<\/tr>\n<tr>\n<td>pys_first_visit<\/td>\n<td>7 dias<\/td>\n<td>O plugin PixelYourSite define este cookie para gerenciar os servi\u00e7os anal\u00edticos.<\/td>\n<\/tr>\n<tr>\n<td>pysTrafficSource<\/td>\n<td>7 dias<\/td>\n<td>O plugin PixelYourSite define este cookie para gerenciar os servi\u00e7os anal\u00edticos.<\/td>\n<\/tr>\n<tr>\n<td>pys_landing_page<\/td>\n<td>7 dias<\/td>\n<td>O plugin PixelYourSite define este cookie para gerenciar os servi\u00e7os anal\u00edticos.<\/td>\n<\/tr>\n<tr>\n<td>last_pysTrafficSource<\/td>\n<td>7 dias<\/td>\n<td>O plugin PixelYourSite define este cookie para gerenciar os servi\u00e7os anal\u00edticos.<\/td>\n<\/tr>\n<tr>\n<td>last_pys_landing_page<\/td>\n<td>7 dias<\/td>\n<td>O plugin PixelYourSite define este cookie para gerenciar os servi\u00e7os anal\u00edticos.<\/td>\n<\/tr>\n<\/tbody>\n<\/table>\n<\/div>\n<\/div>\n<div>\n<h2 class=\"text-xl font-semibold mb-2\">An\u00fancio<\/h2>\n<div class=\"cky-category-des\">\n<p>Os cookies de publicidade s\u00e3o usados \u200b\u200bpara fornecer aos visitantes an\u00fancios personalizados com base nas p\u00e1ginas que visitaram anteriormente e para analisar a efic\u00e1cia das campanhas publicit\u00e1rias.<\/p>\n<\/div>\n<div class=\"cky-table-wrapper\">\n<table class=\"cky-cookie-audit-table\">\n<thead>\n<tr>\n<th>Cookie<\/th>\n<th>Dura\u00e7\u00e3o<\/th>\n<th>Descri\u00e7\u00e3o<\/th>\n<\/tr>\n<\/thead>\n<tbody>\n<tr>\n<td>_gcl_au<\/td>\n<td>3 meses<\/td>\n<td>O Google Tag Manager define esse cookie para testar a efici\u00eancia da publicidade em sites que utilizam seus servi\u00e7os.<\/td>\n<\/tr>\n<tr>\n<td>_fbp<\/td>\n<td>7 dias<\/td>\n<td>O Facebook utiliza esse cookie para armazenar e rastrear intera\u00e7\u00f5es.<\/td>\n<\/tr>\n<tr>\n<td>test_cookie<\/td>\n<td>15 minutos<\/td>\n<td>O site doubleclick.net define esse cookie para determinar se o navegador do usu\u00e1rio aceita cookies.<\/td>\n<\/tr>\n<tr>\n<td>IDE<\/td>\n<td>1 ano 1 m\u00eas 4 dias<\/td>\n<td>Os cookies do Google DoubleClick IDE armazenam informa\u00e7\u00f5es sobre como o usu\u00e1rio utiliza o site para apresentar an\u00fancios relevantes de acordo com o perfil do usu\u00e1rio.<\/td>\n<\/tr>\n<\/tbody>\n<\/table>\n<\/div>\n<\/div>\n<\/div>\n<p>&nbsp;<\/p>\n<h2>Gerenciar prefer\u00eancias de cookies<\/h2>\n<p><a class=\"cky-banner-element\">Prefer\u00eancias de consentimento<\/a><\/p>\n<h2 style=\"margin-bottom: 20px;\">Gerenciar prefer\u00eancias de cookies<\/h2>\n<p><a class=\"cky-banner-element\">Prefer\u00eancias de consentimento<\/a><\/p>\n<div>\n<p>Voc\u00ea pode modificar suas configura\u00e7\u00f5es de cookies a qualquer momento clicando no bot\u00e3o &#8216;Prefer\u00eancias de Consentimento&#8217; acima. Isso permitir\u00e1 que voc\u00ea revisite o banner de consentimento de cookies e atualize suas prefer\u00eancias ou retire seu consentimento imediatamente.<\/p>\n<p>Al\u00e9m disso, diferentes navegadores oferecem v\u00e1rios m\u00e9todos para bloquear e excluir cookies usados \u200b\u200bpor sites. Voc\u00ea pode ajustar as configura\u00e7\u00f5es do seu navegador para bloquear ou excluir cookies. Abaixo est\u00e3o links para documentos de suporte sobre como gerenciar e excluir cookies nos principais navegadores da web.<\/p>\n<p>Chrome: <a href=\"https:\/\/support.google.com\/accounts\/answer\/32050\" target=\"_blank\" rel=\"noopener noreferrer\">https:\/\/support.google.com\/accounts\/answer\/32050<\/a><\/p>\n<p>Safari: <a href=\"https:\/\/support.apple.com\/en-in\/guide\/safari\/sfri11471\/mac\" target=\"_blank\" rel=\"noopener noreferrer\">https:\/\/support.apple.com\/en-in\/guide\/safari\/sfri11471\/mac<\/a><\/p>\n<p>Firefox: <a href=\"https:\/\/support.mozilla.org\/en-US\/kb\/clear-cookies-and-site-data-firefox?redirectslug=delete-cookies-remove-info-websites-stored&amp;redirectlocale=en-US\" target=\"_blank\" rel=\"noopener noreferrer\">https:\/\/support.mozilla.org\/en-US\/kb\/clear-cookies-and-site-data-firefox?redirectslug=delete-cookies-remove-info-websites-stored&amp;redirectlocale=en-US<\/a><\/p>\n<p>Internet Explorer: <a href=\"https:\/\/support.microsoft.com\/en-us\/topic\/how-to-delete-cookie-files-in-internet-explorer-bca9446f-d873-78de-77ba-d42645fa52fc\" target=\"_blank\" rel=\"noopener noreferrer\">https:\/\/support.microsoft.com\/en-us\/topic\/how-to-delete-cookie-files-in-internet-explorer-bca9446f-d873-78de-77ba-d42645fa52fc<\/a><\/p>\n<p>Se voc\u00ea estiver usando um navegador diferente, consulte a documenta\u00e7\u00e3o de suporte oficial do mesmo.<\/p>\n<\/div>\n<p>&nbsp;<\/p>\n<p class=\"cookie-policy-p\">Pol\u00edtica de Cookie gerada por <a href=\"https:\/\/www.cookieyes.com\/?utm_source=CP&amp;utm_medium=footer&amp;utm_campaign=UW\" target=\"_blank\" rel=\"noopener noreferrer\">CookieYes &#8211; Cookie Policy Generator<\/a><\/p>\n<p><!-- End CookieYes cookie policy --><\/p>\n","protected":false},"excerpt":{"rendered":"<p>Data efetiva: November 21, 2025 \u00daltima atualiza\u00e7\u00e3o: November 21, 2025 &nbsp; O que s\u00e3o cookies? Esta Pol\u00edtica de Cookies explica [&hellip;]<\/p>\n","protected":false},"author":1,"featured_media":0,"parent":0,"menu_order":0,"comment_status":"closed","ping_status":"closed","template":"","meta":{"site-sidebar-layout":"default","site-content-layout":"","ast-site-content-layout":"default","site-content-style":"default","site-sidebar-style":"default","ast-global-header-display":"","ast-banner-title-visibility":"","ast-main-header-display":"","ast-hfb-above-header-display":"","ast-hfb-below-header-display":"","ast-hfb-mobile-header-display":"","site-post-title":"","ast-breadcrumbs-content":"","ast-featured-img":"","footer-sml-layout":"","ast-disable-related-posts":"","theme-transparent-header-meta":"","adv-header-id-meta":"","stick-header-meta":"","header-above-stick-meta":"","header-main-stick-meta":"","header-below-stick-meta":"","astra-migrate-meta-layouts":"set","ast-page-background-enabled":"default","ast-page-background-meta":{"desktop":{"background-color":"","background-image":"","background-repeat":"repeat","background-position":"center center","background-size":"auto","background-attachment":"scroll","background-type":"","background-media":"","overlay-type":"","overlay-color":"","overlay-opacity":"","overlay-gradient":""},"tablet":{"background-color":"","background-image":"","background-repeat":"repeat","background-position":"center center","background-size":"auto","background-attachment":"scroll","background-type":"","background-media":"","overlay-type":"","overlay-color":"","overlay-opacity":"","overlay-gradient":""},"mobile":{"background-color":"","background-image":"","background-repeat":"repeat","background-position":"center center","background-size":"auto","background-attachment":"scroll","background-type":"","background-media":"","overlay-type":"","overlay-color":"","overlay-opacity":"","overlay-gradient":""}},"ast-content-background-meta":{"desktop":{"background-color":"var(--ast-global-color-5)","background-image":"","background-repeat":"repeat","background-position":"center center","background-size":"auto","background-attachment":"scroll","background-type":"","background-media":"","overlay-type":"","overlay-color":"","overlay-opacity":"","overlay-gradient":""},"tablet":{"background-color":"var(--ast-global-color-5)","background-image":"","background-repeat":"repeat","background-position":"center center","background-size":"auto","background-attachment":"scroll","background-type":"","background-media":"","overlay-type":"","overlay-color":"","overlay-opacity":"","overlay-gradient":""},"mobile":{"background-color":"var(--ast-global-color-5)","background-image":"","background-repeat":"repeat","background-position":"center center","background-size":"auto","background-attachment":"scroll","background-type":"","background-media":"","overlay-type":"","overlay-color":"","overlay-opacity":"","overlay-gradient":""}},"footnotes":""},"class_list":["post-1707","page","type-page","status-publish","hentry"],"yoast_head":"<!-- This site is optimized with the Yoast SEO plugin v27.5 - https:\/\/yoast.com\/product\/yoast-seo-wordpress\/ -->\n<title>Pol\u00edtica de cookies - Oppens<\/title>\n<meta name=\"robots\" content=\"index, follow, max-snippet:-1, max-image-preview:large, max-video-preview:-1\" \/>\n<link rel=\"canonical\" href=\"https:\/\/oppens.com.br\/blog\/politica-de-cookies\/\" \/>\n<meta property=\"og:locale\" content=\"pt_BR\" \/>\n<meta property=\"og:type\" content=\"article\" \/>\n<meta property=\"og:title\" content=\"Pol\u00edtica de cookies - Oppens\" \/>\n<meta property=\"og:description\" content=\"Data efetiva: November 21, 2025 \u00daltima atualiza\u00e7\u00e3o: November 21, 2025 &nbsp; O que s\u00e3o cookies? Esta Pol\u00edtica de Cookies explica [&hellip;]\" \/>\n<meta property=\"og:url\" content=\"https:\/\/oppens.com.br\/blog\/politica-de-cookies\/\" \/>\n<meta property=\"og:site_name\" content=\"Oppens\" \/>\n<meta property=\"article:publisher\" content=\"https:\/\/www.facebook.com\/people\/Oppensoficial\/61558022886830\/?mibextid=LQQJ4d\" \/>\n<meta property=\"article:modified_time\" content=\"2025-11-21T18:51:18+00:00\" \/>\n<meta name=\"twitter:card\" content=\"summary_large_image\" \/>\n<meta name=\"twitter:label1\" content=\"Est. tempo de leitura\" \/>\n\t<meta name=\"twitter:data1\" content=\"5 minutos\" \/>\n<script type=\"application\/ld+json\" class=\"yoast-schema-graph\">{\"@context\":\"https:\\\/\\\/schema.org\",\"@graph\":[{\"@type\":\"WebPage\",\"@id\":\"https:\\\/\\\/oppens.com.br\\\/blog\\\/politica-de-cookies\\\/\",\"url\":\"https:\\\/\\\/oppens.com.br\\\/blog\\\/politica-de-cookies\\\/\",\"name\":\"Pol\u00edtica de cookies - Oppens\",\"isPartOf\":{\"@id\":\"https:\\\/\\\/oppens.com.br\\\/blog\\\/#website\"},\"datePublished\":\"2025-11-21T17:45:50+00:00\",\"dateModified\":\"2025-11-21T18:51:18+00:00\",\"breadcrumb\":{\"@id\":\"https:\\\/\\\/oppens.com.br\\\/blog\\\/politica-de-cookies\\\/#breadcrumb\"},\"inLanguage\":\"pt-BR\",\"potentialAction\":[{\"@type\":\"ReadAction\",\"target\":[\"https:\\\/\\\/oppens.com.br\\\/blog\\\/politica-de-cookies\\\/\"]}]},{\"@type\":\"BreadcrumbList\",\"@id\":\"https:\\\/\\\/oppens.com.br\\\/blog\\\/politica-de-cookies\\\/#breadcrumb\",\"itemListElement\":[{\"@type\":\"ListItem\",\"position\":1,\"name\":\"In\u00edcio\",\"item\":\"https:\\\/\\\/oppens.com.br\\\/blog\\\/\"},{\"@type\":\"ListItem\",\"position\":2,\"name\":\"Pol\u00edtica de cookies\"}]},{\"@type\":\"WebSite\",\"@id\":\"https:\\\/\\\/oppens.com.br\\\/blog\\\/#website\",\"url\":\"https:\\\/\\\/oppens.com.br\\\/blog\\\/\",\"name\":\"Oppens\",\"description\":\"Educa\u00e7\u00e3o financeira sobre cr\u00e9dito, empr\u00e9stimos e financiamentos\",\"publisher\":{\"@id\":\"https:\\\/\\\/oppens.com.br\\\/blog\\\/#organization\"},\"potentialAction\":[{\"@type\":\"SearchAction\",\"target\":{\"@type\":\"EntryPoint\",\"urlTemplate\":\"https:\\\/\\\/oppens.com.br\\\/blog\\\/?s={search_term_string}\"},\"query-input\":{\"@type\":\"PropertyValueSpecification\",\"valueRequired\":true,\"valueName\":\"search_term_string\"}}],\"inLanguage\":\"pt-BR\"},{\"@type\":\"Organization\",\"@id\":\"https:\\\/\\\/oppens.com.br\\\/blog\\\/#organization\",\"name\":\"Oppens\",\"url\":\"https:\\\/\\\/oppens.com.br\\\/blog\\\/\",\"logo\":{\"@type\":\"ImageObject\",\"inLanguage\":\"pt-BR\",\"@id\":\"https:\\\/\\\/oppens.com.br\\\/blog\\\/#\\\/schema\\\/logo\\\/image\\\/\",\"url\":\"https:\\\/\\\/oppens.com.br\\\/blog\\\/wp-content\\\/uploads\\\/2024\\\/08\\\/novo_oppens-marca-horizontal.png\",\"contentUrl\":\"https:\\\/\\\/oppens.com.br\\\/blog\\\/wp-content\\\/uploads\\\/2024\\\/08\\\/novo_oppens-marca-horizontal.png\",\"width\":933,\"height\":243,\"caption\":\"Oppens\"},\"image\":{\"@id\":\"https:\\\/\\\/oppens.com.br\\\/blog\\\/#\\\/schema\\\/logo\\\/image\\\/\"},\"sameAs\":[\"https:\\\/\\\/www.facebook.com\\\/people\\\/Oppensoficial\\\/61558022886830\\\/?mibextid=LQQJ4d\",\"https:\\\/\\\/www.linkedin.com\\\/company\\\/oppensbank\\\/?viewAsMember=true\",\"https:\\\/\\\/www.instagram.com\\\/oppens.oficial\\\/\"]}]}<\/script>\n<!-- \/ Yoast SEO plugin. -->","yoast_head_json":{"title":"Pol\u00edtica de cookies - Oppens","robots":{"index":"index","follow":"follow","max-snippet":"max-snippet:-1","max-image-preview":"max-image-preview:large","max-video-preview":"max-video-preview:-1"},"canonical":"https:\/\/oppens.com.br\/blog\/politica-de-cookies\/","og_locale":"pt_BR","og_type":"article","og_title":"Pol\u00edtica de cookies - Oppens","og_description":"Data efetiva: November 21, 2025 \u00daltima atualiza\u00e7\u00e3o: November 21, 2025 &nbsp; O que s\u00e3o cookies? Esta Pol\u00edtica de Cookies explica [&hellip;]","og_url":"https:\/\/oppens.com.br\/blog\/politica-de-cookies\/","og_site_name":"Oppens","article_publisher":"https:\/\/www.facebook.com\/people\/Oppensoficial\/61558022886830\/?mibextid=LQQJ4d","article_modified_time":"2025-11-21T18:51:18+00:00","twitter_card":"summary_large_image","twitter_misc":{"Est. tempo de leitura":"5 minutos"},"schema":{"@context":"https:\/\/schema.org","@graph":[{"@type":"WebPage","@id":"https:\/\/oppens.com.br\/blog\/politica-de-cookies\/","url":"https:\/\/oppens.com.br\/blog\/politica-de-cookies\/","name":"Pol\u00edtica de cookies - Oppens","isPartOf":{"@id":"https:\/\/oppens.com.br\/blog\/#website"},"datePublished":"2025-11-21T17:45:50+00:00","dateModified":"2025-11-21T18:51:18+00:00","breadcrumb":{"@id":"https:\/\/oppens.com.br\/blog\/politica-de-cookies\/#breadcrumb"},"inLanguage":"pt-BR","potentialAction":[{"@type":"ReadAction","target":["https:\/\/oppens.com.br\/blog\/politica-de-cookies\/"]}]},{"@type":"BreadcrumbList","@id":"https:\/\/oppens.com.br\/blog\/politica-de-cookies\/#breadcrumb","itemListElement":[{"@type":"ListItem","position":1,"name":"In\u00edcio","item":"https:\/\/oppens.com.br\/blog\/"},{"@type":"ListItem","position":2,"name":"Pol\u00edtica de cookies"}]},{"@type":"WebSite","@id":"https:\/\/oppens.com.br\/blog\/#website","url":"https:\/\/oppens.com.br\/blog\/","name":"Oppens","description":"Educa\u00e7\u00e3o financeira sobre cr\u00e9dito, empr\u00e9stimos e financiamentos","publisher":{"@id":"https:\/\/oppens.com.br\/blog\/#organization"},"potentialAction":[{"@type":"SearchAction","target":{"@type":"EntryPoint","urlTemplate":"https:\/\/oppens.com.br\/blog\/?s={search_term_string}"},"query-input":{"@type":"PropertyValueSpecification","valueRequired":true,"valueName":"search_term_string"}}],"inLanguage":"pt-BR"},{"@type":"Organization","@id":"https:\/\/oppens.com.br\/blog\/#organization","name":"Oppens","url":"https:\/\/oppens.com.br\/blog\/","logo":{"@type":"ImageObject","inLanguage":"pt-BR","@id":"https:\/\/oppens.com.br\/blog\/#\/schema\/logo\/image\/","url":"https:\/\/oppens.com.br\/blog\/wp-content\/uploads\/2024\/08\/novo_oppens-marca-horizontal.png","contentUrl":"https:\/\/oppens.com.br\/blog\/wp-content\/uploads\/2024\/08\/novo_oppens-marca-horizontal.png","width":933,"height":243,"caption":"Oppens"},"image":{"@id":"https:\/\/oppens.com.br\/blog\/#\/schema\/logo\/image\/"},"sameAs":["https:\/\/www.facebook.com\/people\/Oppensoficial\/61558022886830\/?mibextid=LQQJ4d","https:\/\/www.linkedin.com\/company\/oppensbank\/?viewAsMember=true","https:\/\/www.instagram.com\/oppens.oficial\/"]}]}},"_links":{"self":[{"href":"https:\/\/oppens.com.br\/blog\/wp-json\/wp\/v2\/pages\/1707","targetHints":{"allow":["GET"]}}],"collection":[{"href":"https:\/\/oppens.com.br\/blog\/wp-json\/wp\/v2\/pages"}],"about":[{"href":"https:\/\/oppens.com.br\/blog\/wp-json\/wp\/v2\/types\/page"}],"author":[{"embeddable":true,"href":"https:\/\/oppens.com.br\/blog\/wp-json\/wp\/v2\/users\/1"}],"replies":[{"embeddable":true,"href":"https:\/\/oppens.com.br\/blog\/wp-json\/wp\/v2\/comments?post=1707"}],"version-history":[{"count":4,"href":"https:\/\/oppens.com.br\/blog\/wp-json\/wp\/v2\/pages\/1707\/revisions"}],"predecessor-version":[{"id":1713,"href":"https:\/\/oppens.com.br\/blog\/wp-json\/wp\/v2\/pages\/1707\/revisions\/1713"}],"wp:attachment":[{"href":"https:\/\/oppens.com.br\/blog\/wp-json\/wp\/v2\/media?parent=1707"}],"curies":[{"name":"wp","href":"https:\/\/api.w.org\/{rel}","templated":true}]}}